{"id":494,"date":"2021-06-17T07:48:29","date_gmt":"2021-06-17T07:48:29","guid":{"rendered":"https:\/\/wabe-plus.ch\/wordpress\/?page_id=494"},"modified":"2025-08-07T16:38:54","modified_gmt":"2025-08-07T16:38:54","slug":"ueber-mich","status":"publish","type":"page","link":"https:\/\/wabe-plus.ch\/wordpress\/ueber-mich\/","title":{"rendered":"Leitbild"},"content":{"rendered":"\t\t<div data-elementor-type=\"wp-page\" data-elementor-id=\"494\" class=\"elementor elementor-494\">\n\t\t\t\t\t\t<section class=\"elementor-section elementor-top-section elementor-element elementor-element-e2669a5 elementor-section-boxed elementor-section-height-default elementor-section-height-default\" data-id=\"e2669a5\" data-element_type=\"section\" data-e-type=\"section\">\n\t\t\t\t\t\t<div class=\"elementor-container elementor-column-gap-default\">\n\t\t\t\t\t<div class=\"elementor-column elementor-col-100 elementor-top-column elementor-element elementor-element-8dde341\" data-id=\"8dde341\" data-element_type=\"column\" data-e-type=\"column\">\n\t\t\t<div class=\"elementor-widget-wrap elementor-element-populated\">\n\t\t\t\t\t\t<div class=\"elementor-element elementor-element-d982482 elementor-widget elementor-widget-heading\" data-id=\"d982482\" data-element_type=\"widget\" data-e-type=\"widget\" data-widget_type=\"heading.default\">\n\t\t\t\t<div class=\"elementor-widget-container\">\n\t\t\t\t\t<h1 class=\"elementor-heading-title elementor-size-default\"><br>Leitbild<\/h1>\t\t\t\t<\/div>\n\t\t\t\t<\/div>\n\t\t\t\t<div class=\"elementor-element elementor-element-44aaf6c elementor-widget elementor-widget-spacer\" data-id=\"44aaf6c\" data-element_type=\"widget\" data-e-type=\"widget\" data-widget_type=\"spacer.default\">\n\t\t\t\t<div class=\"elementor-widget-container\">\n\t\t\t\t\t\t\t<div class=\"elementor-spacer\">\n\t\t\t<div class=\"elementor-spacer-inner\"><\/div>\n\t\t<\/div>\n\t\t\t\t\t\t<\/div>\n\t\t\t\t<\/div>\n\t\t\t\t\t<\/div>\n\t\t<\/div>\n\t\t\t\t\t<\/div>\n\t\t<\/section>\n\t\t\t\t<section class=\"elementor-section elementor-top-section elementor-element elementor-element-80b4c54 elementor-section-boxed elementor-section-height-default elementor-section-height-default\" data-id=\"80b4c54\" data-element_type=\"section\" data-e-type=\"section\">\n\t\t\t\t\t\t<div class=\"elementor-container elementor-column-gap-default\">\n\t\t\t\t\t<div class=\"elementor-column elementor-col-100 elementor-top-column elementor-element elementor-element-9dcc577\" data-id=\"9dcc577\" data-element_type=\"column\" data-e-type=\"column\">\n\t\t\t<div class=\"elementor-widget-wrap elementor-element-populated\">\n\t\t\t\t\t\t<div class=\"elementor-element elementor-element-b8277f2 elementor-widget elementor-widget-text-editor\" data-id=\"b8277f2\" data-element_type=\"widget\" data-e-type=\"widget\" data-widget_type=\"text-editor.default\">\n\t\t\t\t<div class=\"elementor-widget-container\">\n\t\t\t\t\t\t\t\t\t<div id=\"element_ff439f7001a49356595215975d062ad0\" class=\"wc_element wc_element_text \">\n<div class=\"wc_element_text_inner\">\n<p align=\"justify\"><span class=\"custom-fontsize\">F\u00fcr die WABe Plus sind Selbst\u00e4ndigkeit, Selbstvertrauen und Unabh\u00e4ngigkeit eine wichtige Voraussetzung f\u00fcr ein zufriedenes Leben. Jeder Mensch soll seinen F\u00e4higkeiten entsprechend, so viel wie m\u00f6glich selbst\u00e4ndig machen, um Selbstwirksamkeit erfahren zu k\u00f6nnen. Ganz im Sinne der selbsterf\u00fcllenden Prophezeiung, sollen Menschen positiv und optimistisch in ihre Zukunft sehen und den Glauben an sich selber wiederfinden, sofern dieser abhandengekommen ist. <\/span><\/p>\n<p align=\"justify\"><span class=\"custom-fontsize\">Nur wer selber an seiner Situation etwas ver\u00e4ndern m\u00f6chte, Perspektiven hat und sich aktiv darum bem\u00fcht, kommt im Leben weiter.<br><\/span><\/p>\n<p align=\"justify\"><span class=\"custom-fontsize\">&nbsp;<\/span><\/p>\n<p align=\"justify\">\n<\/p><\/div>\n<\/div>\t\t\t\t\t\t\t\t<\/div>\n\t\t\t\t<\/div>\n\t\t\t\t<div class=\"elementor-element elementor-element-dc210b2 elementor-widget elementor-widget-heading\" data-id=\"dc210b2\" data-element_type=\"widget\" data-e-type=\"widget\" data-widget_type=\"heading.default\">\n\t\t\t\t<div class=\"elementor-widget-container\">\n\t\t\t\t\t<h1 class=\"elementor-heading-title elementor-size-default\">Team<\/h1>\t\t\t\t<\/div>\n\t\t\t\t<\/div>\n\t\t\t\t<div class=\"elementor-element elementor-element-b2d2185 elementor-widget elementor-widget-spacer\" data-id=\"b2d2185\" data-element_type=\"widget\" data-e-type=\"widget\" data-widget_type=\"spacer.default\">\n\t\t\t\t<div class=\"elementor-widget-container\">\n\t\t\t\t\t\t\t<div class=\"elementor-spacer\">\n\t\t\t<div class=\"elementor-spacer-inner\"><\/div>\n\t\t<\/div>\n\t\t\t\t\t\t<\/div>\n\t\t\t\t<\/div>\n\t\t\t\t\t<\/div>\n\t\t<\/div>\n\t\t\t\t\t<\/div>\n\t\t<\/section>\n\t\t\t\t<section class=\"elementor-section elementor-top-section elementor-element elementor-element-790e370 elementor-section-boxed elementor-section-height-default elementor-section-height-default\" data-id=\"790e370\" data-element_type=\"section\" data-e-type=\"section\">\n\t\t\t\t\t\t<div class=\"elementor-container elementor-column-gap-default\">\n\t\t\t\t\t<div class=\"elementor-column elementor-col-50 elementor-top-column elementor-element elementor-element-73d4dc9\" data-id=\"73d4dc9\" data-element_type=\"column\" data-e-type=\"column\">\n\t\t\t<div class=\"elementor-widget-wrap\">\n\t\t\t\t\t\t\t<\/div>\n\t\t<\/div>\n\t\t\t\t<div class=\"elementor-column elementor-col-50 elementor-top-column elementor-element elementor-element-f0560aa\" data-id=\"f0560aa\" data-element_type=\"column\" data-e-type=\"column\">\n\t\t\t<div class=\"elementor-widget-wrap\">\n\t\t\t\t\t\t\t<\/div>\n\t\t<\/div>\n\t\t\t\t\t<\/div>\n\t\t<\/section>\n\t\t\t\t<section class=\"elementor-section elementor-top-section elementor-element elementor-element-34b3cc4 elementor-section-boxed elementor-section-height-default elementor-section-height-default\" data-id=\"34b3cc4\" data-element_type=\"section\" data-e-type=\"section\">\n\t\t\t\t\t\t<div class=\"elementor-container elementor-column-gap-default\">\n\t\t\t\t\t<div class=\"elementor-column elementor-col-33 elementor-top-column elementor-element elementor-element-a03bd14\" data-id=\"a03bd14\" data-element_type=\"column\" data-e-type=\"column\">\n\t\t\t<div class=\"elementor-widget-wrap elementor-element-populated\">\n\t\t\t\t\t\t<div class=\"elementor-element elementor-element-6b95f26 elementor-widget elementor-widget-heading\" data-id=\"6b95f26\" data-element_type=\"widget\" data-e-type=\"widget\" data-widget_type=\"heading.default\">\n\t\t\t\t<div class=\"elementor-widget-container\">\n\t\t\t\t\t<h2 class=\"elementor-heading-title elementor-size-default\">Sandra von Rohr<\/h2>\t\t\t\t<\/div>\n\t\t\t\t<\/div>\n\t\t\t\t<div class=\"elementor-element elementor-element-f4fb142 elementor-widget elementor-widget-text-editor\" data-id=\"f4fb142\" data-element_type=\"widget\" data-e-type=\"widget\" data-widget_type=\"text-editor.default\">\n\t\t\t\t<div class=\"elementor-widget-container\">\n\t\t\t\t\t\t\t\t\t<div class=\"wc_element wc_element_row \"><div class=\"wc_element wc_element_col \"><div id=\"element_68a812face83c04b52ef2cd51b3a3f07\" class=\"wc_element wc_element_text \"><div>Vorsitzende der<br \/>Gesch\u00e4ftsleitung<\/div><div>\u00a0<\/div><div class=\"wc_element_text_inner\">Sozialarbeiterin FH\u00a0<\/div><div class=\"wc_element_text_inner\">\u00a0<\/div><div class=\"wc_element_text_inner\"><p><strong>Arbeitsbereich<\/strong><\/p><ul><li><span class=\"custom-fontsize textcolor-primaryColor\">\u00a0Administration<\/span><\/li><li><span class=\"custom-fontsize textcolor-primaryColor\">\u00a0Beistandschaften <\/span><span class=\"custom-fontsize textcolor-primaryColor\">Kindes- und Erwachsenenschutz<\/span><\/li><li><span class=\"custom-fontsize textcolor-primaryColor\">\u00a0Begleitetes Wohnen<\/span><\/li><li><span class=\"custom-fontsize textcolor-primaryColor\">\u00a0Abkl\u00e4rungen bei Gef\u00e4hrdungsmeldungen<br \/><\/span><\/li><li>\u00a0Schuldenberatung<\/li><\/ul><\/div><\/div><\/div><\/div>\t\t\t\t\t\t\t\t<\/div>\n\t\t\t\t<\/div>\n\t\t\t\t\t<\/div>\n\t\t<\/div>\n\t\t\t\t<div class=\"elementor-column elementor-col-33 elementor-top-column elementor-element elementor-element-0706c00\" data-id=\"0706c00\" data-element_type=\"column\" data-e-type=\"column\">\n\t\t\t<div class=\"elementor-widget-wrap\">\n\t\t\t\t\t\t\t<\/div>\n\t\t<\/div>\n\t\t\t\t<div class=\"elementor-column elementor-col-33 elementor-top-column elementor-element elementor-element-c1a7108\" data-id=\"c1a7108\" data-element_type=\"column\" data-e-type=\"column\">\n\t\t\t<div class=\"elementor-widget-wrap elementor-element-populated\">\n\t\t\t\t\t\t<div class=\"elementor-element elementor-element-b2b8d76 elementor-widget elementor-widget-heading\" data-id=\"b2b8d76\" data-element_type=\"widget\" data-e-type=\"widget\" data-widget_type=\"heading.default\">\n\t\t\t\t<div class=\"elementor-widget-container\">\n\t\t\t\t\t<h2 class=\"elementor-heading-title elementor-size-default\">Veronica Calvo<\/h2>\t\t\t\t<\/div>\n\t\t\t\t<\/div>\n\t\t\t\t<div class=\"elementor-element elementor-element-1a52d5f elementor-widget elementor-widget-text-editor\" data-id=\"1a52d5f\" data-element_type=\"widget\" data-e-type=\"widget\" data-widget_type=\"text-editor.default\">\n\t\t\t\t<div class=\"elementor-widget-container\">\n\t\t\t\t\t\t\t\t\t<div class=\"wc_element wc_element_row \">\n<div class=\"wc_element wc_element_col \">\n<div id=\"element_68a812face83c04b52ef2cd51b3a3f07\" class=\"wc_element wc_element_text \">\n<div>Mitglied der<br>Gesch\u00e4ftsleitung<\/div>\n<div>&nbsp;<\/div>\n<div class=\"wc_element_text_inner\">Sozialp\u00e4dagogin HF \/ CAS SPF &#8211; Sozialp\u00e4dagogische Familienbegleiterin<\/div>\n<div class=\"wc_element_text_inner\">&nbsp;<\/div>\n<div class=\"wc_element_text_inner\">\n<p><strong>Arbeitsbereich<\/strong><\/p>\n<ul>\n<li><span class=\"custom-fontsize textcolor-primaryColor\">&nbsp;Jugendcoaching<\/span><\/li>\n<li><span class=\"custom-fontsize textcolor-primaryColor\">&nbsp;Beistandschaften <\/span><span class=\"custom-fontsize textcolor-primaryColor\">Kindes- und Erwachsenenschutz<\/span><\/li>\n<li>&nbsp;Begleitete Besuchstage<\/li>\n<li>&nbsp;Sozialp\u00e4dagogische Familienbegleitung<\/li>\n<li><span class=\"custom-fontsize textcolor-primaryColor\">&nbsp;Abkl\u00e4rungen bei Gef\u00e4hrdungsmeldungen<br><\/span><\/li>\n<li>&nbsp;Schuldenberatung<\/li>\n<\/ul>\n<\/div>\n<\/div>\n<\/div>\n<\/div>\t\t\t\t\t\t\t\t<\/div>\n\t\t\t\t<\/div>\n\t\t\t\t\t<\/div>\n\t\t<\/div>\n\t\t\t\t\t<\/div>\n\t\t<\/section>\n\t\t\t\t<section class=\"elementor-section elementor-top-section elementor-element elementor-element-02bdd60 elementor-section-boxed elementor-section-height-default elementor-section-height-default\" data-id=\"02bdd60\" data-element_type=\"section\" data-e-type=\"section\">\n\t\t\t\t\t\t<div class=\"elementor-container elementor-column-gap-default\">\n\t\t\t\t\t<div class=\"elementor-column elementor-col-100 elementor-top-column elementor-element elementor-element-7218879\" data-id=\"7218879\" data-element_type=\"column\" data-e-type=\"column\">\n\t\t\t<div class=\"elementor-widget-wrap elementor-element-populated\">\n\t\t\t\t\t\t<div class=\"elementor-element elementor-element-a790577 elementor-widget-divider--view-line elementor-widget elementor-widget-divider\" data-id=\"a790577\" data-element_type=\"widget\" data-e-type=\"widget\" data-widget_type=\"divider.default\">\n\t\t\t\t<div class=\"elementor-widget-container\">\n\t\t\t\t\t\t\t<div class=\"elementor-divider\">\n\t\t\t<span class=\"elementor-divider-separator\">\n\t\t\t\t\t\t<\/span>\n\t\t<\/div>\n\t\t\t\t\t\t<\/div>\n\t\t\t\t<\/div>\n\t\t\t\t\t<\/div>\n\t\t<\/div>\n\t\t\t\t\t<\/div>\n\t\t<\/section>\n\t\t\t\t<section class=\"elementor-section elementor-top-section elementor-element elementor-element-e0df0f5 elementor-section-boxed elementor-section-height-default elementor-section-height-default\" data-id=\"e0df0f5\" data-element_type=\"section\" data-e-type=\"section\">\n\t\t\t\t\t\t<div class=\"elementor-container elementor-column-gap-default\">\n\t\t\t\t\t<div class=\"elementor-column elementor-col-33 elementor-top-column elementor-element elementor-element-87c1580\" data-id=\"87c1580\" data-element_type=\"column\" data-e-type=\"column\">\n\t\t\t<div class=\"elementor-widget-wrap elementor-element-populated\">\n\t\t\t\t\t\t<div class=\"elementor-element elementor-element-0b40522 elementor-widget elementor-widget-heading\" data-id=\"0b40522\" data-element_type=\"widget\" data-e-type=\"widget\" data-widget_type=\"heading.default\">\n\t\t\t\t<div class=\"elementor-widget-container\">\n\t\t\t\t\t<h2 class=\"elementor-heading-title elementor-size-default\">Luzia Schmitt<\/h2>\t\t\t\t<\/div>\n\t\t\t\t<\/div>\n\t\t\t\t<div class=\"elementor-element elementor-element-89a7c11 elementor-widget elementor-widget-text-editor\" data-id=\"89a7c11\" data-element_type=\"widget\" data-e-type=\"widget\" data-widget_type=\"text-editor.default\">\n\t\t\t\t<div class=\"elementor-widget-container\">\n\t\t\t\t\t\t\t\t\t<div>Sozialarbeiterin FH&nbsp;<\/div>\n<div>&nbsp;<\/div>\n<p><strong>Arbeitsbereich<\/strong><\/p>\n<ul>\n<li><span class=\"custom-fontsize textcolor-primaryColor\">&nbsp;Jugendcoaching&nbsp;<\/span><br><\/li>\n<li>&nbsp;Begleitete Besuchstage<\/li>\n<li>&nbsp;Sozialp\u00e4dagogische Familienbegleitung<\/li>\n<li>&nbsp;Schuldenberatung<\/li>\n<\/ul>\t\t\t\t\t\t\t\t<\/div>\n\t\t\t\t<\/div>\n\t\t\t\t\t<\/div>\n\t\t<\/div>\n\t\t\t\t<div class=\"elementor-column elementor-col-33 elementor-top-column elementor-element elementor-element-6eacb92\" data-id=\"6eacb92\" data-element_type=\"column\" data-e-type=\"column\">\n\t\t\t<div class=\"elementor-widget-wrap\">\n\t\t\t\t\t\t\t<\/div>\n\t\t<\/div>\n\t\t\t\t<div class=\"elementor-column elementor-col-33 elementor-top-column elementor-element elementor-element-92d439c\" data-id=\"92d439c\" data-element_type=\"column\" data-e-type=\"column\">\n\t\t\t<div class=\"elementor-widget-wrap elementor-element-populated\">\n\t\t\t\t\t\t<div class=\"elementor-element elementor-element-e93afbe elementor-widget elementor-widget-heading\" data-id=\"e93afbe\" data-element_type=\"widget\" data-e-type=\"widget\" data-widget_type=\"heading.default\">\n\t\t\t\t<div class=\"elementor-widget-container\">\n\t\t\t\t\t<h2 class=\"elementor-heading-title elementor-size-default\">Jolanda Bayer<\/h2>\t\t\t\t<\/div>\n\t\t\t\t<\/div>\n\t\t\t\t<div class=\"elementor-element elementor-element-bc2f2ed elementor-widget elementor-widget-text-editor\" data-id=\"bc2f2ed\" data-element_type=\"widget\" data-e-type=\"widget\" data-widget_type=\"text-editor.default\">\n\t\t\t\t<div class=\"elementor-widget-container\">\n\t\t\t\t\t\t\t\t\t<div>Coach<\/div><div>\u00a0<\/div><p><strong>Arbeitsbereich<\/strong><\/p><ul><li><span class=\"custom-fontsize textcolor-primaryColor\">\u00a0Jugendcoaching<\/span><\/li><li>\u00a0Begleitete Besuchstage<\/li><li>\u00a0Sozialp\u00e4dagogische Familienbegleitung<\/li><li>\u00a0Schuldenberatung<\/li><\/ul>\t\t\t\t\t\t\t\t<\/div>\n\t\t\t\t<\/div>\n\t\t\t\t\t<\/div>\n\t\t<\/div>\n\t\t\t\t\t<\/div>\n\t\t<\/section>\n\t\t\t\t<section class=\"elementor-section elementor-top-section elementor-element elementor-element-a2b8743 elementor-section-boxed elementor-section-height-default elementor-section-height-default\" data-id=\"a2b8743\" data-element_type=\"section\" data-e-type=\"section\">\n\t\t\t\t\t\t<div class=\"elementor-container elementor-column-gap-default\">\n\t\t\t\t\t<div class=\"elementor-column elementor-col-100 elementor-top-column elementor-element elementor-element-5ca01a6\" data-id=\"5ca01a6\" data-element_type=\"column\" data-e-type=\"column\">\n\t\t\t<div class=\"elementor-widget-wrap elementor-element-populated\">\n\t\t\t\t\t\t<div class=\"elementor-element elementor-element-73ec468 elementor-widget-divider--view-line elementor-widget elementor-widget-divider\" data-id=\"73ec468\" data-element_type=\"widget\" data-e-type=\"widget\" data-widget_type=\"divider.default\">\n\t\t\t\t<div class=\"elementor-widget-container\">\n\t\t\t\t\t\t\t<div class=\"elementor-divider\">\n\t\t\t<span class=\"elementor-divider-separator\">\n\t\t\t\t\t\t<\/span>\n\t\t<\/div>\n\t\t\t\t\t\t<\/div>\n\t\t\t\t<\/div>\n\t\t\t\t\t<\/div>\n\t\t<\/div>\n\t\t\t\t\t<\/div>\n\t\t<\/section>\n\t\t\t\t<section class=\"elementor-section elementor-top-section elementor-element elementor-element-4c7bc8f elementor-section-boxed elementor-section-height-default elementor-section-height-default\" data-id=\"4c7bc8f\" data-element_type=\"section\" data-e-type=\"section\">\n\t\t\t\t\t\t<div class=\"elementor-container elementor-column-gap-default\">\n\t\t\t\t\t<div class=\"elementor-column elementor-col-33 elementor-top-column elementor-element elementor-element-03de783\" data-id=\"03de783\" data-element_type=\"column\" data-e-type=\"column\">\n\t\t\t<div class=\"elementor-widget-wrap elementor-element-populated\">\n\t\t\t\t\t\t<div class=\"elementor-element elementor-element-4237016 elementor-widget elementor-widget-heading\" data-id=\"4237016\" data-element_type=\"widget\" data-e-type=\"widget\" data-widget_type=\"heading.default\">\n\t\t\t\t<div class=\"elementor-widget-container\">\n\t\t\t\t\t<h2 class=\"elementor-heading-title elementor-size-default\">Sina M\u00fcller<\/h2>\t\t\t\t<\/div>\n\t\t\t\t<\/div>\n\t\t\t\t<div class=\"elementor-element elementor-element-08904d1 elementor-widget elementor-widget-text-editor\" data-id=\"08904d1\" data-element_type=\"widget\" data-e-type=\"widget\" data-widget_type=\"text-editor.default\">\n\t\t\t\t<div class=\"elementor-widget-container\">\n\t\t\t\t\t\t\t\t\t<div>Fachfrau Betreuung EFZ<\/div><div>\u00a0<\/div><p><strong>Arbeitsbereich\u00a0<\/strong><\/p><ul><li>\u00a0Jugendcoaching<\/li><li>\u00a0Begleitete Besuchstage<\/li><li>\u00a0Sozialp\u00e4dagogische Familienbegleitung<\/li><li>\u00a0Schuldenberatung<\/li><\/ul>\t\t\t\t\t\t\t\t<\/div>\n\t\t\t\t<\/div>\n\t\t\t\t\t<\/div>\n\t\t<\/div>\n\t\t\t\t<div class=\"elementor-column elementor-col-33 elementor-top-column elementor-element elementor-element-6d560c4\" data-id=\"6d560c4\" data-element_type=\"column\" data-e-type=\"column\">\n\t\t\t<div class=\"elementor-widget-wrap\">\n\t\t\t\t\t\t\t<\/div>\n\t\t<\/div>\n\t\t\t\t<div class=\"elementor-column elementor-col-33 elementor-top-column elementor-element elementor-element-e6166bb\" data-id=\"e6166bb\" data-element_type=\"column\" data-e-type=\"column\">\n\t\t\t<div class=\"elementor-widget-wrap\">\n\t\t\t\t\t\t\t<\/div>\n\t\t<\/div>\n\t\t\t\t\t<\/div>\n\t\t<\/section>\n\t\t\t\t<section class=\"elementor-section elementor-top-section elementor-element elementor-element-9a15e10 elementor-section-boxed elementor-section-height-default elementor-section-height-default\" data-id=\"9a15e10\" data-element_type=\"section\" data-e-type=\"section\">\n\t\t\t\t\t\t<div class=\"elementor-container elementor-column-gap-default\">\n\t\t\t\t\t<div class=\"elementor-column elementor-col-100 elementor-top-column elementor-element elementor-element-df3aadf\" data-id=\"df3aadf\" data-element_type=\"column\" data-e-type=\"column\">\n\t\t\t<div class=\"elementor-widget-wrap elementor-element-populated\">\n\t\t\t\t\t\t<div class=\"elementor-element elementor-element-fc55942 elementor-widget elementor-widget-spacer\" data-id=\"fc55942\" data-element_type=\"widget\" data-e-type=\"widget\" data-widget_type=\"spacer.default\">\n\t\t\t\t<div class=\"elementor-widget-container\">\n\t\t\t\t\t\t\t<div class=\"elementor-spacer\">\n\t\t\t<div class=\"elementor-spacer-inner\"><\/div>\n\t\t<\/div>\n\t\t\t\t\t\t<\/div>\n\t\t\t\t<\/div>\n\t\t\t\t\t<\/div>\n\t\t<\/div>\n\t\t\t\t\t<\/div>\n\t\t<\/section>\n\t\t\t\t<\/div>\n\t\t","protected":false},"excerpt":{"rendered":"<p>Leitbild F\u00fcr die WABe Plus sind Selbst\u00e4ndigkeit, Selbstvertrauen und Unabh\u00e4ngigkeit eine wichtige Voraussetzung f\u00fcr ein zufriedenes Leben. Jeder Mensch soll seinen F\u00e4higkeiten entsprechend, so viel wie m\u00f6glich selbst\u00e4ndig machen, um Selbstwirksamkeit erfahren zu k\u00f6nnen. Ganz im Sinne der selbsterf\u00fcllenden Prophezeiung, sollen Menschen positiv und optimistisch in ihre Zukunft sehen und den Glauben an sich selber [&hellip;]<\/p>\n","protected":false},"author":1,"featured_media":0,"parent":0,"menu_order":0,"comment_status":"closed","ping_status":"closed","template":"","meta":{"ocean_post_layout":"full-screen","ocean_both_sidebars_style":"","ocean_both_sidebars_content_width":0,"ocean_both_sidebars_sidebars_width":0,"ocean_sidebar":"0","ocean_second_sidebar":"0","ocean_disable_margins":"on","ocean_add_body_class":"","ocean_shortcode_before_top_bar":"","ocean_shortcode_after_top_bar":"","ocean_shortcode_before_header":"","ocean_shortcode_after_header":"","ocean_has_shortcode":"","ocean_shortcode_after_title":"","ocean_shortcode_before_footer_widgets":"","ocean_shortcode_after_footer_widgets":"","ocean_shortcode_before_footer_bottom":"","ocean_shortcode_after_footer_bottom":"","ocean_display_top_bar":"default","ocean_display_header":"default","ocean_header_style":"","ocean_center_header_left_menu":"0","ocean_custom_header_template":"0","ocean_custom_logo":0,"ocean_custom_retina_logo":0,"ocean_custom_logo_max_width":0,"ocean_custom_logo_tablet_max_width":0,"ocean_custom_logo_mobile_max_width":0,"ocean_custom_logo_max_height":0,"ocean_custom_logo_tablet_max_height":0,"ocean_custom_logo_mobile_max_height":0,"ocean_header_custom_menu":"0","ocean_menu_typo_font_family":"0","ocean_menu_typo_font_subset":"","ocean_menu_typo_font_size":0,"ocean_menu_typo_font_size_tablet":0,"ocean_menu_typo_font_size_mobile":0,"ocean_menu_typo_font_size_unit":"px","ocean_menu_typo_font_weight":"","ocean_menu_typo_font_weight_tablet":"","ocean_menu_typo_font_weight_mobile":"","ocean_menu_typo_transform":"","ocean_menu_typo_transform_tablet":"","ocean_menu_typo_transform_mobile":"","ocean_menu_typo_line_height":0,"ocean_menu_typo_line_height_tablet":0,"ocean_menu_typo_line_height_mobile":0,"ocean_menu_typo_line_height_unit":"","ocean_menu_typo_spacing":0,"ocean_menu_typo_spacing_tablet":0,"ocean_menu_typo_spacing_mobile":0,"ocean_menu_typo_spacing_unit":"","ocean_menu_link_color":"","ocean_menu_link_color_hover":"","ocean_menu_link_color_active":"","ocean_menu_link_background":"","ocean_menu_link_hover_background":"","ocean_menu_link_active_background":"","ocean_menu_social_links_bg":"","ocean_menu_social_hover_links_bg":"","ocean_menu_social_links_color":"","ocean_menu_social_hover_links_color":"","ocean_disable_title":"default","ocean_disable_heading":"default","ocean_post_title":"","ocean_post_subheading":"","ocean_post_title_style":"","ocean_post_title_background_color":"","ocean_post_title_background":0,"ocean_post_title_bg_image_position":"","ocean_post_title_bg_image_attachment":"","ocean_post_title_bg_image_repeat":"","ocean_post_title_bg_image_size":"","ocean_post_title_height":0,"ocean_post_title_bg_overlay":0.5,"ocean_post_title_bg_overlay_color":"","ocean_disable_breadcrumbs":"default","ocean_breadcrumbs_color":"","ocean_breadcrumbs_separator_color":"","ocean_breadcrumbs_links_color":"","ocean_breadcrumbs_links_hover_color":"","ocean_display_footer_widgets":"off","ocean_display_footer_bottom":"on","ocean_custom_footer_template":"0","footnotes":""},"class_list":["post-494","page","type-page","status-publish","hentry","entry"],"_links":{"self":[{"href":"https:\/\/wabe-plus.ch\/wordpress\/wp-json\/wp\/v2\/pages\/494","targetHints":{"allow":["GET"]}}],"collection":[{"href":"https:\/\/wabe-plus.ch\/wordpress\/wp-json\/wp\/v2\/pages"}],"about":[{"href":"https:\/\/wabe-plus.ch\/wordpress\/wp-json\/wp\/v2\/types\/page"}],"author":[{"embeddable":true,"href":"https:\/\/wabe-plus.ch\/wordpress\/wp-json\/wp\/v2\/users\/1"}],"replies":[{"embeddable":true,"href":"https:\/\/wabe-plus.ch\/wordpress\/wp-json\/wp\/v2\/comments?post=494"}],"version-history":[{"count":239,"href":"https:\/\/wabe-plus.ch\/wordpress\/wp-json\/wp\/v2\/pages\/494\/revisions"}],"predecessor-version":[{"id":2220,"href":"https:\/\/wabe-plus.ch\/wordpress\/wp-json\/wp\/v2\/pages\/494\/revisions\/2220"}],"wp:attachment":[{"href":"https:\/\/wabe-plus.ch\/wordpress\/wp-json\/wp\/v2\/media?parent=494"}],"curies":[{"name":"wp","href":"https:\/\/api.w.org\/{rel}","templated":true}]}}